{"id":42,"date":"2025-06-23T10:20:52","date_gmt":"2025-06-23T08:20:52","guid":{"rendered":"https:\/\/www.ramiroventura.com\/?page_id=42"},"modified":"2025-07-22T10:22:55","modified_gmt":"2025-07-22T08:22:55","slug":"sobre-mi","status":"publish","type":"page","link":"https:\/\/www.ramiroventura.com\/en\/sobre-mi\/","title":{"rendered":"About me"},"content":{"rendered":"<div data-elementor-type=\"wp-page\" data-elementor-id=\"42\" class=\"elementor elementor-42\" data-elementor-post-type=\"page\">\n\t\t\t\t<div class=\"elementor-element elementor-element-bc658a1 e-con-full e-flex e-con e-parent\" data-id=\"bc658a1\" data-element_type=\"container\" data-settings=\"{&quot;background_background&quot;:&quot;classic&quot;}\">\n\t\t\t\t<div class=\"elementor-element elementor-element-796c83f elementor-invisible elementor-widget elementor-widget-heading\" data-id=\"796c83f\" data-element_type=\"widget\" data-settings=\"{&quot;_animation&quot;:&quot;fadeInUp&quot;}\" data-widget_type=\"heading.default\">\n\t\t\t\t<div class=\"elementor-widget-container\">\n\t\t\t\t\t<h2 class=\"elementor-heading-title elementor-size-default\">About me<\/h2>\t\t\t\t<\/div>\n\t\t\t\t<\/div>\n\t\t\t\t<\/div>\n\t\t<div class=\"elementor-element elementor-element-2725086 e-flex e-con-boxed e-con e-parent\" data-id=\"2725086\" data-element_type=\"container\">\n\t\t\t\t\t<div class=\"e-con-inner\">\n\t\t<div class=\"elementor-element elementor-element-1c11366 e-con-full e-flex e-con e-child\" data-id=\"1c11366\" data-element_type=\"container\">\n\t\t\t\t<div class=\"elementor-element elementor-element-297ae7c elementor-widget elementor-widget-image\" data-id=\"297ae7c\" data-element_type=\"widget\" data-widget_type=\"image.default\">\n\t\t\t\t<div class=\"elementor-widget-container\">\n\t\t\t\t\t\t\t\t\t\t\t\t\t\t\t<img fetchpriority=\"high\" decoding=\"async\" width=\"800\" height=\"800\" src=\"https:\/\/www.ramiroventura.com\/wp-content\/uploads\/2025\/06\/texto-BLOQUE-1-Edit-1024x1024.webp\" class=\"attachment-large size-large wp-image-402\" alt=\"\" srcset=\"https:\/\/www.ramiroventura.com\/wp-content\/uploads\/2025\/06\/texto-BLOQUE-1-Edit-1024x1024.webp 1024w, https:\/\/www.ramiroventura.com\/wp-content\/uploads\/2025\/06\/texto-BLOQUE-1-Edit-300x300.webp 300w, https:\/\/www.ramiroventura.com\/wp-content\/uploads\/2025\/06\/texto-BLOQUE-1-Edit-150x150.webp 150w, https:\/\/www.ramiroventura.com\/wp-content\/uploads\/2025\/06\/texto-BLOQUE-1-Edit-768x768.webp 768w, https:\/\/www.ramiroventura.com\/wp-content\/uploads\/2025\/06\/texto-BLOQUE-1-Edit.webp 1500w\" sizes=\"(max-width: 800px) 100vw, 800px\" \/>\t\t\t\t\t\t\t\t\t\t\t\t\t\t\t<\/div>\n\t\t\t\t<\/div>\n\t\t\t\t<\/div>\n\t\t<div class=\"elementor-element elementor-element-75bca29 e-con-full e-flex e-con e-child\" data-id=\"75bca29\" data-element_type=\"container\">\n\t\t\t\t<div class=\"elementor-element elementor-element-4a27ea8 elementor-widget elementor-widget-text-editor\" data-id=\"4a27ea8\" data-element_type=\"widget\" data-widget_type=\"text-editor.default\">\n\t\t\t\t<div class=\"elementor-widget-container\">\n\t\t\t\t\t\t\t\t\t<p>I have a curious nature, and I believe that this very thing led me, from a very young age, to question everything: myself and the reality around me. This impulse led me first to a deep dissatisfaction, and then to a path of searching that began with my first yoga class more than nineteen years ago, and that continues to this day.<br \/>Over time, my sustained practice awakened in me a desire to more deeply understand the philosophy behind Yoga. This curiosity also led me to explore other languages of body and movement, such as dance, anatomy, Ayurveda, and Chinese medicine.<br \/>I traveled to India seven times, where I practiced with Sharath Jois, a master of the Ashtanga Yoga lineage, who granted me Level II authorization to teach in 2018. Beyond my practice, India offered me a different way of perceiving the world: it opened my eyes to recognize the divine in the everyday.<br \/>Over the years, new life challenges led me to explore the transpersonal. That&#039;s how I came to therapy, family tree studies, and birth counseling. I sought to understand my own origins, and ended up learning to accompany others in theirs.<\/p>\t\t\t\t\t\t\t\t<\/div>\n\t\t\t\t<\/div>\n\t\t\t\t<\/div>\n\t\t\t\t\t<\/div>\n\t\t\t\t<\/div>\n\t\t<div class=\"elementor-element elementor-element-926f119 e-flex e-con-boxed e-con e-parent\" data-id=\"926f119\" data-element_type=\"container\">\n\t\t\t\t\t<div class=\"e-con-inner\">\n\t\t<div class=\"elementor-element elementor-element-1366ecd e-con-full e-flex e-con e-child\" data-id=\"1366ecd\" data-element_type=\"container\">\n\t\t\t\t<div class=\"elementor-element elementor-element-d174fa1 elementor-widget elementor-widget-image\" data-id=\"d174fa1\" data-element_type=\"widget\" data-widget_type=\"image.default\">\n\t\t\t\t<div class=\"elementor-widget-container\">\n\t\t\t\t\t\t\t\t\t\t\t\t\t\t\t<img decoding=\"async\" width=\"800\" height=\"800\" src=\"https:\/\/www.ramiroventura.com\/wp-content\/uploads\/2025\/06\/texto-BLOQUE-2-Edit-1024x1024.webp\" class=\"attachment-large size-large wp-image-406\" alt=\"\" srcset=\"https:\/\/www.ramiroventura.com\/wp-content\/uploads\/2025\/06\/texto-BLOQUE-2-Edit-1024x1024.webp 1024w, https:\/\/www.ramiroventura.com\/wp-content\/uploads\/2025\/06\/texto-BLOQUE-2-Edit-300x300.webp 300w, https:\/\/www.ramiroventura.com\/wp-content\/uploads\/2025\/06\/texto-BLOQUE-2-Edit-150x150.webp 150w, https:\/\/www.ramiroventura.com\/wp-content\/uploads\/2025\/06\/texto-BLOQUE-2-Edit-768x768.webp 768w, https:\/\/www.ramiroventura.com\/wp-content\/uploads\/2025\/06\/texto-BLOQUE-2-Edit.webp 1500w\" sizes=\"(max-width: 800px) 100vw, 800px\" \/>\t\t\t\t\t\t\t\t\t\t\t\t\t\t\t<\/div>\n\t\t\t\t<\/div>\n\t\t\t\t<\/div>\n\t\t<div class=\"elementor-element elementor-element-94e760c e-con-full e-flex e-con e-child\" data-id=\"94e760c\" data-element_type=\"container\">\n\t\t\t\t<div class=\"elementor-element elementor-element-108a005 elementor-widget elementor-widget-text-editor\" data-id=\"108a005\" data-element_type=\"widget\" data-widget_type=\"text-editor.default\">\n\t\t\t\t<div class=\"elementor-widget-container\">\n\t\t\t\t\t\t\t\t\t<p>Today, I am driven by a deep desire to accompany others in their own transformation processes. I teach in-person Ashtanga Yoga classes in Palma de Mallorca, in addition to maintaining an online support space and offering workshops in various cities in Europe and Latin America. I also offer mentoring, transgenerational therapy, and doula support. <br \/>Tantra has nourished my approach to accompanying with a perspective that values the pleasure of fully inhabiting oneself. There&#039;s something in the interplay of spontaneous movement, the power of emotions, and the weight of words that defines my role as a facilitator. I&#039;m interested in perceiving others through their presence, detecting patterns, and offering tools to help them recognize them as well.<br \/>For me, accompanying is a way of building community. Of fostering individual awareness and, with it, the real possibility of a more humane world.<\/p>\t\t\t\t\t\t\t\t<\/div>\n\t\t\t\t<\/div>\n\t\t\t\t<\/div>\n\t\t\t\t\t<\/div>\n\t\t\t\t<\/div>\n\t\t<div class=\"elementor-element elementor-element-b8ac015 e-flex e-con-boxed e-con e-parent\" data-id=\"b8ac015\" data-element_type=\"container\" data-settings=\"{&quot;background_background&quot;:&quot;classic&quot;}\">\n\t\t\t\t\t<div class=\"e-con-inner\">\n\t\t<div class=\"elementor-element elementor-element-f1f003d e-con-full e-flex e-con e-child\" data-id=\"f1f003d\" data-element_type=\"container\">\n\t\t\t\t<div class=\"elementor-element elementor-element-db1dbe9 elementor-widget elementor-widget-image\" data-id=\"db1dbe9\" data-element_type=\"widget\" data-widget_type=\"image.default\">\n\t\t\t\t<div class=\"elementor-widget-container\">\n\t\t\t\t\t\t\t\t\t\t\t\t\t\t\t<img decoding=\"async\" width=\"300\" height=\"246\" src=\"https:\/\/www.ramiroventura.com\/wp-content\/uploads\/2025\/06\/Captura-de-pantalla-2025-06-23-161948-1-300x246.webp\" class=\"attachment-medium size-medium wp-image-249\" alt=\"\" srcset=\"https:\/\/www.ramiroventura.com\/wp-content\/uploads\/2025\/06\/Captura-de-pantalla-2025-06-23-161948-1-300x246.webp 300w, https:\/\/www.ramiroventura.com\/wp-content\/uploads\/2025\/06\/Captura-de-pantalla-2025-06-23-161948-1-1024x840.webp 1024w, https:\/\/www.ramiroventura.com\/wp-content\/uploads\/2025\/06\/Captura-de-pantalla-2025-06-23-161948-1-768x630.webp 768w, https:\/\/www.ramiroventura.com\/wp-content\/uploads\/2025\/06\/Captura-de-pantalla-2025-06-23-161948-1.webp 1091w\" sizes=\"(max-width: 300px) 100vw, 300px\" \/>\t\t\t\t\t\t\t\t\t\t\t\t\t\t\t<\/div>\n\t\t\t\t<\/div>\n\t\t\t\t<\/div>\n\t\t<div class=\"elementor-element elementor-element-6bc2b0e e-con-full e-flex e-con e-child\" data-id=\"6bc2b0e\" data-element_type=\"container\">\n\t\t\t\t<div class=\"elementor-element elementor-element-7abca31 elementor-widget elementor-widget-heading\" data-id=\"7abca31\" data-element_type=\"widget\" data-widget_type=\"heading.default\">\n\t\t\t\t<div class=\"elementor-widget-container\">\n\t\t\t\t\t<h2 class=\"elementor-heading-title elementor-size-default\">My values<\/h2>\t\t\t\t<\/div>\n\t\t\t\t<\/div>\n\t\t\t\t<div class=\"elementor-element elementor-element-55df311 elementor-widget elementor-widget-text-editor\" data-id=\"55df311\" data-element_type=\"widget\" data-widget_type=\"text-editor.default\">\n\t\t\t\t<div class=\"elementor-widget-container\">\n\t\t\t\t\t\t\t\t\t<p><strong>PRESENCE<\/strong>: Living in the moment with attention is the basis of all transformation.<br \/><strong>SEARCH:<\/strong> The driving force is the question. Study, observe, go inward.<br \/><strong>EMPATHY:<\/strong> Sustain the rhythms of others with listening, care, and respect.<br \/><strong>AUTHENTICITY:<\/strong> Being with the other spontaneously, without forcing or pretending.<br \/><strong>TRANSFORMATION:<\/strong> Accompanying what moves, what emerges, what calls for change.<br \/><strong>COMMUNITY:<\/strong> Weaving conscious connections is sowing a more humane world.<\/p>\t\t\t\t\t\t\t\t<\/div>\n\t\t\t\t<\/div>\n\t\t\t\t<\/div>\n\t\t\t\t\t<\/div>\n\t\t\t\t<\/div>\n\t\t<div class=\"elementor-element elementor-element-00a8166 e-con-full e-flex e-con e-parent\" data-id=\"00a8166\" data-element_type=\"container\" data-settings=\"{&quot;background_background&quot;:&quot;classic&quot;}\">\n\t\t\t\t<div class=\"elementor-element elementor-element-b71f055 elementor-invisible elementor-widget elementor-widget-heading\" data-id=\"b71f055\" data-element_type=\"widget\" data-settings=\"{&quot;_animation&quot;:&quot;fadeInUp&quot;}\" data-widget_type=\"heading.default\">\n\t\t\t\t<div class=\"elementor-widget-container\">\n\t\t\t\t\t<h2 class=\"elementor-heading-title elementor-size-default\">Do you resonate with my journey and want me to accompany you on yours?\n<\/h2>\t\t\t\t<\/div>\n\t\t\t\t<\/div>\n\t\t\t\t<div class=\"elementor-element elementor-element-c59608e elementor-align-center elementor-widget elementor-widget-button\" data-id=\"c59608e\" data-element_type=\"widget\" data-widget_type=\"button.default\">\n\t\t\t\t<div class=\"elementor-widget-container\">\n\t\t\t\t\t\t\t\t\t<div class=\"elementor-button-wrapper\">\n\t\t\t\t\t<a class=\"elementor-button elementor-button-link elementor-size-sm\" href=\"https:\/\/tinyurl.com\/mpa6pjm5\" target=\"_blank\" rel=\"noopener noreferrer nofollow\">\n\t\t\t\t\t\t<span class=\"elementor-button-content-wrapper\">\n\t\t\t\t\t\t\t\t\t<span class=\"elementor-button-text\">Contact me<\/span>\n\t\t\t\t\t<\/span>\n\t\t\t\t\t<\/a>\n\t\t\t\t<\/div>\n\t\t\t\t\t\t\t\t<\/div>\n\t\t\t\t<\/div>\n\t\t\t\t<\/div>\n\t\t\t\t<\/div>","protected":false},"excerpt":{"rendered":"<p>Con\u00f3ceme mejor Tengo una naturaleza curiosa, y creo que eso mismo me llev\u00f3, desde muy joven, a cuestionarlo todo: a m\u00ed mismo y a la realidad que me rodea. Ese [&hellip;]<\/p>","protected":false},"author":2,"featured_media":0,"parent":0,"menu_order":0,"comment_status":"closed","ping_status":"closed","template":"","meta":{"footnotes":""},"class_list":["post-42","page","type-page","status-publish","hentry"],"yoast_head":"<!-- This site is optimized with the Yoast SEO plugin v26.0 - https:\/\/yoast.com\/wordpress\/plugins\/seo\/ -->\n<title>Con\u00f3ceme mejor - Ramiro Ventura<\/title>\n<meta name=\"description\" content=\"Hola, soy Ramiro Ventura, profesor de Ashtanga Yoga, doula y terapeuta transgeneracional. Acompa\u00f1o procesos de transformaci\u00f3n con cuerpo, palabra y presencia.\" \/>\n<meta name=\"robots\" content=\"index, follow, max-snippet:-1, max-image-preview:large, max-video-preview:-1\" \/>\n<link rel=\"canonical\" href=\"https:\/\/www.ramiroventura.com\/en\/sobre-mi\/\" \/>\n<meta property=\"og:locale\" content=\"en_GB\" \/>\n<meta property=\"og:type\" content=\"article\" \/>\n<meta property=\"og:title\" content=\"Con\u00f3ceme mejor - Ramiro Ventura\" \/>\n<meta property=\"og:description\" content=\"Hola, soy Ramiro Ventura, profesor de Ashtanga Yoga, doula y terapeuta transgeneracional. Acompa\u00f1o procesos de transformaci\u00f3n con cuerpo, palabra y presencia.\" \/>\n<meta property=\"og:url\" content=\"https:\/\/www.ramiroventura.com\/en\/sobre-mi\/\" \/>\n<meta property=\"og:site_name\" content=\"Ramiro Ventura\" \/>\n<meta property=\"article:modified_time\" content=\"2025-07-22T08:22:55+00:00\" \/>\n<meta property=\"og:image\" content=\"https:\/\/www.ramiroventura.com\/wp-content\/uploads\/2025\/06\/texto-BLOQUE-1-Edit.webp\" \/>\n\t<meta property=\"og:image:width\" content=\"1500\" \/>\n\t<meta property=\"og:image:height\" content=\"1500\" \/>\n\t<meta property=\"og:image:type\" content=\"image\/webp\" \/>\n<meta name=\"twitter:card\" content=\"summary_large_image\" \/>\n<meta name=\"twitter:label1\" content=\"Estimated reading time\" \/>\n\t<meta name=\"twitter:data1\" content=\"3 minutes\" \/>\n<script type=\"application\/ld+json\" class=\"yoast-schema-graph\">{\"@context\":\"https:\/\/schema.org\",\"@graph\":[{\"@type\":\"WebPage\",\"@id\":\"https:\/\/www.ramiroventura.com\/sobre-mi\/\",\"url\":\"https:\/\/www.ramiroventura.com\/sobre-mi\/\",\"name\":\"Con\u00f3ceme mejor - Ramiro Ventura\",\"isPartOf\":{\"@id\":\"https:\/\/www.ramiroventura.com\/#website\"},\"primaryImageOfPage\":{\"@id\":\"https:\/\/www.ramiroventura.com\/sobre-mi\/#primaryimage\"},\"image\":{\"@id\":\"https:\/\/www.ramiroventura.com\/sobre-mi\/#primaryimage\"},\"thumbnailUrl\":\"https:\/\/www.ramiroventura.com\/wp-content\/uploads\/2025\/06\/texto-BLOQUE-1-Edit-1024x1024.webp\",\"datePublished\":\"2025-06-23T08:20:52+00:00\",\"dateModified\":\"2025-07-22T08:22:55+00:00\",\"description\":\"Hola, soy Ramiro Ventura, profesor de Ashtanga Yoga, doula y terapeuta transgeneracional. Acompa\u00f1o procesos de transformaci\u00f3n con cuerpo, palabra y presencia.\",\"breadcrumb\":{\"@id\":\"https:\/\/www.ramiroventura.com\/sobre-mi\/#breadcrumb\"},\"inLanguage\":\"en-GB\",\"potentialAction\":[{\"@type\":\"ReadAction\",\"target\":[\"https:\/\/www.ramiroventura.com\/sobre-mi\/\"]}]},{\"@type\":\"ImageObject\",\"inLanguage\":\"en-GB\",\"@id\":\"https:\/\/www.ramiroventura.com\/sobre-mi\/#primaryimage\",\"url\":\"https:\/\/www.ramiroventura.com\/wp-content\/uploads\/2025\/06\/texto-BLOQUE-1-Edit-1024x1024.webp\",\"contentUrl\":\"https:\/\/www.ramiroventura.com\/wp-content\/uploads\/2025\/06\/texto-BLOQUE-1-Edit-1024x1024.webp\"},{\"@type\":\"BreadcrumbList\",\"@id\":\"https:\/\/www.ramiroventura.com\/sobre-mi\/#breadcrumb\",\"itemListElement\":[{\"@type\":\"ListItem\",\"position\":1,\"name\":\"Portada\",\"item\":\"https:\/\/www.ramiroventura.com\/\"},{\"@type\":\"ListItem\",\"position\":2,\"name\":\"Con\u00f3ceme mejor\"}]},{\"@type\":\"WebSite\",\"@id\":\"https:\/\/www.ramiroventura.com\/#website\",\"url\":\"https:\/\/www.ramiroventura.com\/\",\"name\":\"Ramiro Ventura\",\"description\":\"Ashtanga yoga y acompa\u00f1amiento terap\u00e9utico\",\"publisher\":{\"@id\":\"https:\/\/www.ramiroventura.com\/#organization\"},\"alternateName\":\"Ramiro Ventura\",\"potentialAction\":[{\"@type\":\"SearchAction\",\"target\":{\"@type\":\"EntryPoint\",\"urlTemplate\":\"https:\/\/www.ramiroventura.com\/?s={search_term_string}\"},\"query-input\":{\"@type\":\"PropertyValueSpecification\",\"valueRequired\":true,\"valueName\":\"search_term_string\"}}],\"inLanguage\":\"en-GB\"},{\"@type\":\"Organization\",\"@id\":\"https:\/\/www.ramiroventura.com\/#organization\",\"name\":\"Ramiro Ventura\",\"url\":\"https:\/\/www.ramiroventura.com\/\",\"logo\":{\"@type\":\"ImageObject\",\"inLanguage\":\"en-GB\",\"@id\":\"https:\/\/www.ramiroventura.com\/#\/schema\/logo\/image\/\",\"url\":\"https:\/\/www.ramiroventura.com\/wp-content\/uploads\/2025\/06\/icono-ramiro-e1750847407794.png\",\"contentUrl\":\"https:\/\/www.ramiroventura.com\/wp-content\/uploads\/2025\/06\/icono-ramiro-e1750847407794.png\",\"width\":348,\"height\":335,\"caption\":\"Ramiro Ventura\"},\"image\":{\"@id\":\"https:\/\/www.ramiroventura.com\/#\/schema\/logo\/image\/\"}}]}<\/script>\n<!-- \/ Yoast SEO plugin. -->","yoast_head_json":{"title":"Con\u00f3ceme mejor - Ramiro Ventura","description":"Hola, soy Ramiro Ventura, profesor de Ashtanga Yoga, doula y terapeuta transgeneracional. Acompa\u00f1o procesos de transformaci\u00f3n con cuerpo, palabra y presencia.","robots":{"index":"index","follow":"follow","max-snippet":"max-snippet:-1","max-image-preview":"max-image-preview:large","max-video-preview":"max-video-preview:-1"},"canonical":"https:\/\/www.ramiroventura.com\/en\/sobre-mi\/","og_locale":"en_GB","og_type":"article","og_title":"Con\u00f3ceme mejor - Ramiro Ventura","og_description":"Hola, soy Ramiro Ventura, profesor de Ashtanga Yoga, doula y terapeuta transgeneracional. Acompa\u00f1o procesos de transformaci\u00f3n con cuerpo, palabra y presencia.","og_url":"https:\/\/www.ramiroventura.com\/en\/sobre-mi\/","og_site_name":"Ramiro Ventura","article_modified_time":"2025-07-22T08:22:55+00:00","og_image":[{"width":1500,"height":1500,"url":"https:\/\/www.ramiroventura.com\/wp-content\/uploads\/2025\/06\/texto-BLOQUE-1-Edit.webp","type":"image\/webp"}],"twitter_card":"summary_large_image","twitter_misc":{"Estimated reading time":"3 minutes"},"schema":{"@context":"https:\/\/schema.org","@graph":[{"@type":"WebPage","@id":"https:\/\/www.ramiroventura.com\/sobre-mi\/","url":"https:\/\/www.ramiroventura.com\/sobre-mi\/","name":"Con\u00f3ceme mejor - Ramiro Ventura","isPartOf":{"@id":"https:\/\/www.ramiroventura.com\/#website"},"primaryImageOfPage":{"@id":"https:\/\/www.ramiroventura.com\/sobre-mi\/#primaryimage"},"image":{"@id":"https:\/\/www.ramiroventura.com\/sobre-mi\/#primaryimage"},"thumbnailUrl":"https:\/\/www.ramiroventura.com\/wp-content\/uploads\/2025\/06\/texto-BLOQUE-1-Edit-1024x1024.webp","datePublished":"2025-06-23T08:20:52+00:00","dateModified":"2025-07-22T08:22:55+00:00","description":"Hola, soy Ramiro Ventura, profesor de Ashtanga Yoga, doula y terapeuta transgeneracional. Acompa\u00f1o procesos de transformaci\u00f3n con cuerpo, palabra y presencia.","breadcrumb":{"@id":"https:\/\/www.ramiroventura.com\/sobre-mi\/#breadcrumb"},"inLanguage":"en-GB","potentialAction":[{"@type":"ReadAction","target":["https:\/\/www.ramiroventura.com\/sobre-mi\/"]}]},{"@type":"ImageObject","inLanguage":"en-GB","@id":"https:\/\/www.ramiroventura.com\/sobre-mi\/#primaryimage","url":"https:\/\/www.ramiroventura.com\/wp-content\/uploads\/2025\/06\/texto-BLOQUE-1-Edit-1024x1024.webp","contentUrl":"https:\/\/www.ramiroventura.com\/wp-content\/uploads\/2025\/06\/texto-BLOQUE-1-Edit-1024x1024.webp"},{"@type":"BreadcrumbList","@id":"https:\/\/www.ramiroventura.com\/sobre-mi\/#breadcrumb","itemListElement":[{"@type":"ListItem","position":1,"name":"Portada","item":"https:\/\/www.ramiroventura.com\/"},{"@type":"ListItem","position":2,"name":"Con\u00f3ceme mejor"}]},{"@type":"WebSite","@id":"https:\/\/www.ramiroventura.com\/#website","url":"https:\/\/www.ramiroventura.com\/","name":"Ramiro Ventura","description":"Ashtanga yoga y acompa\u00f1amiento terap\u00e9utico","publisher":{"@id":"https:\/\/www.ramiroventura.com\/#organization"},"alternateName":"Ramiro Ventura","potentialAction":[{"@type":"SearchAction","target":{"@type":"EntryPoint","urlTemplate":"https:\/\/www.ramiroventura.com\/?s={search_term_string}"},"query-input":{"@type":"PropertyValueSpecification","valueRequired":true,"valueName":"search_term_string"}}],"inLanguage":"en-GB"},{"@type":"Organization","@id":"https:\/\/www.ramiroventura.com\/#organization","name":"Ramiro Ventura","url":"https:\/\/www.ramiroventura.com\/","logo":{"@type":"ImageObject","inLanguage":"en-GB","@id":"https:\/\/www.ramiroventura.com\/#\/schema\/logo\/image\/","url":"https:\/\/www.ramiroventura.com\/wp-content\/uploads\/2025\/06\/icono-ramiro-e1750847407794.png","contentUrl":"https:\/\/www.ramiroventura.com\/wp-content\/uploads\/2025\/06\/icono-ramiro-e1750847407794.png","width":348,"height":335,"caption":"Ramiro Ventura"},"image":{"@id":"https:\/\/www.ramiroventura.com\/#\/schema\/logo\/image\/"}}]}},"_links":{"self":[{"href":"https:\/\/www.ramiroventura.com\/en\/wp-json\/wp\/v2\/pages\/42","targetHints":{"allow":["GET"]}}],"collection":[{"href":"https:\/\/www.ramiroventura.com\/en\/wp-json\/wp\/v2\/pages"}],"about":[{"href":"https:\/\/www.ramiroventura.com\/en\/wp-json\/wp\/v2\/types\/page"}],"author":[{"embeddable":true,"href":"https:\/\/www.ramiroventura.com\/en\/wp-json\/wp\/v2\/users\/2"}],"replies":[{"embeddable":true,"href":"https:\/\/www.ramiroventura.com\/en\/wp-json\/wp\/v2\/comments?post=42"}],"version-history":[{"count":124,"href":"https:\/\/www.ramiroventura.com\/en\/wp-json\/wp\/v2\/pages\/42\/revisions"}],"predecessor-version":[{"id":1215,"href":"https:\/\/www.ramiroventura.com\/en\/wp-json\/wp\/v2\/pages\/42\/revisions\/1215"}],"wp:attachment":[{"href":"https:\/\/www.ramiroventura.com\/en\/wp-json\/wp\/v2\/media?parent=42"}],"curies":[{"name":"wp","href":"https:\/\/api.w.org\/{rel}","templated":true}]}}