{"id":64,"date":"2025-06-23T12:30:44","date_gmt":"2025-06-23T10:30:44","guid":{"rendered":"https:\/\/www.ramiroventura.com\/?page_id=64"},"modified":"2025-07-22T10:17:02","modified_gmt":"2025-07-22T08:17:02","slug":"acompanamientos","status":"publish","type":"page","link":"https:\/\/www.ramiroventura.com\/en\/acompanamientos\/","title":{"rendered":"Support and guidance"},"content":{"rendered":"<div data-elementor-type=\"wp-page\" data-elementor-id=\"64\" class=\"elementor elementor-64\" data-elementor-post-type=\"page\">\n\t\t\t\t<div class=\"elementor-element elementor-element-bc658a1 e-con-full e-flex e-con e-parent\" data-id=\"bc658a1\" data-element_type=\"container\" data-settings=\"{&quot;background_background&quot;:&quot;classic&quot;}\">\n\t\t\t\t<div class=\"elementor-element elementor-element-796c83f animated-slow elementor-invisible elementor-widget elementor-widget-heading\" data-id=\"796c83f\" data-element_type=\"widget\" data-settings=\"{&quot;_animation&quot;:&quot;fadeInUp&quot;}\" data-widget_type=\"heading.default\">\n\t\t\t\t<div class=\"elementor-widget-container\">\n\t\t\t\t\t<h2 class=\"elementor-heading-title elementor-size-default\">Support and guidance<\/h2>\t\t\t\t<\/div>\n\t\t\t\t<\/div>\n\t\t\t\t<\/div>\n\t\t<div class=\"elementor-element elementor-element-1cae269 e-flex e-con-boxed e-con e-parent\" data-id=\"1cae269\" data-element_type=\"container\">\n\t\t\t\t\t<div class=\"e-con-inner\">\n\t\t<div class=\"elementor-element elementor-element-dd8ca12 e-con-full e-flex e-con e-child\" data-id=\"dd8ca12\" data-element_type=\"container\">\n\t\t\t\t<div class=\"elementor-element elementor-element-297ae7c elementor-widget elementor-widget-image\" data-id=\"297ae7c\" data-element_type=\"widget\" data-widget_type=\"image.default\">\n\t\t\t\t<div class=\"elementor-widget-container\">\n\t\t\t\t\t\t\t\t\t\t\t\t\t\t\t<img fetchpriority=\"high\" decoding=\"async\" width=\"800\" height=\"800\" src=\"https:\/\/www.ramiroventura.com\/wp-content\/uploads\/2025\/06\/texto-TRANSGENERACIONAL-1024x1024.webp\" class=\"attachment-large size-large wp-image-359\" alt=\"\" srcset=\"https:\/\/www.ramiroventura.com\/wp-content\/uploads\/2025\/06\/texto-TRANSGENERACIONAL-1024x1024.webp 1024w, https:\/\/www.ramiroventura.com\/wp-content\/uploads\/2025\/06\/texto-TRANSGENERACIONAL-300x300.webp 300w, https:\/\/www.ramiroventura.com\/wp-content\/uploads\/2025\/06\/texto-TRANSGENERACIONAL-150x150.webp 150w, https:\/\/www.ramiroventura.com\/wp-content\/uploads\/2025\/06\/texto-TRANSGENERACIONAL-768x768.webp 768w, https:\/\/www.ramiroventura.com\/wp-content\/uploads\/2025\/06\/texto-TRANSGENERACIONAL.webp 1500w\" sizes=\"(max-width: 800px) 100vw, 800px\" \/>\t\t\t\t\t\t\t\t\t\t\t\t\t\t\t<\/div>\n\t\t\t\t<\/div>\n\t\t\t\t<\/div>\n\t\t<div class=\"elementor-element elementor-element-c621e60 e-con-full e-flex e-con e-child\" data-id=\"c621e60\" data-element_type=\"container\">\n\t\t\t\t<div class=\"elementor-element elementor-element-68aee5b elementor-invisible elementor-widget elementor-widget-image\" data-id=\"68aee5b\" data-element_type=\"widget\" data-settings=\"{&quot;_animation&quot;:&quot;fadeInUp&quot;}\" data-widget_type=\"image.default\">\n\t\t\t\t<div class=\"elementor-widget-container\">\n\t\t\t\t\t\t\t\t\t\t\t\t\t\t\t<img decoding=\"async\" width=\"1459\" height=\"244\" src=\"https:\/\/www.ramiroventura.com\/wp-content\/uploads\/2025\/07\/Wireframe-Ramiro-Ventura.jpg\" class=\"attachment-full size-full wp-image-232\" alt=\"\" srcset=\"https:\/\/www.ramiroventura.com\/wp-content\/uploads\/2025\/07\/Wireframe-Ramiro-Ventura.jpg 540w, https:\/\/www.ramiroventura.com\/wp-content\/uploads\/2025\/07\/Wireframe-Ramiro-Ventura-300x53.jpg 300w, https:\/\/www.ramiroventura.com\/wp-content\/uploads\/2025\/07\/Wireframe-Ramiro-Ventura-18x3.jpg 18w\" sizes=\"(max-width: 1459px) 100vw, 1459px\" \/>\t\t\t\t\t\t\t\t\t\t\t\t\t\t\t<\/div>\n\t\t\t\t<\/div>\n\t\t\t\t<div class=\"elementor-element elementor-element-4a27ea8 elementor-widget elementor-widget-text-editor\" data-id=\"4a27ea8\" data-element_type=\"widget\" data-widget_type=\"text-editor.default\">\n\t\t\t\t<div class=\"elementor-widget-container\">\n\t\t\t\t\t\t\t\t\t<p>There are questions that don&#039;t originate with us, but live within us. Symptoms, emotions, or patterns that repeat themselves like ancient echoes of a &quot;self&quot; we are not. The transgenerational approach invites us to examine the roots of our family history with respect, curiosity, and a desire to understand. <br \/>It&#039;s a path of return. To what we were, to what we inherited, to what we chose to let go of. To stop carrying what isn&#039;t ours and make room for what is: our life, with greater clarity, here and now. We always start from a present concern, and from there we begin a process of inquiry to shed light on the memories that inhabit us. <br \/>Sessions are online, last one hour, and are held every 15 to 21 days. The minimum commitment is six sessions.<\/p>\t\t\t\t\t\t\t\t<\/div>\n\t\t\t\t<\/div>\n\t\t\t\t<div class=\"elementor-element elementor-element-351116c elementor-widget elementor-widget-button\" data-id=\"351116c\" data-element_type=\"widget\" data-widget_type=\"button.default\">\n\t\t\t\t<div class=\"elementor-widget-container\">\n\t\t\t\t\t\t\t\t\t<div class=\"elementor-button-wrapper\">\n\t\t\t\t\t<a class=\"elementor-button elementor-button-link elementor-size-sm\" href=\"https:\/\/docs.google.com\/forms\/d\/e\/1FAIpQLSfdZAxh0IgfRRnZbThaSZj5_vD7p0JQFrhkIUfnwO6BPxP2EA\/viewform?usp=send_form\" target=\"_blank\" rel=\"noopener noreferrer nofollow\">\n\t\t\t\t\t\t<span class=\"elementor-button-content-wrapper\">\n\t\t\t\t\t\t\t\t\t<span class=\"elementor-button-text\">I&#039;m interested<\/span>\n\t\t\t\t\t<\/span>\n\t\t\t\t\t<\/a>\n\t\t\t\t<\/div>\n\t\t\t\t\t\t\t\t<\/div>\n\t\t\t\t<\/div>\n\t\t\t\t<\/div>\n\t\t\t\t\t<\/div>\n\t\t\t\t<\/div>\n\t\t<div class=\"elementor-element elementor-element-7eb58d1 e-flex e-con-boxed e-con e-parent\" data-id=\"7eb58d1\" data-element_type=\"container\">\n\t\t\t\t\t<div class=\"e-con-inner\">\n\t\t<div class=\"elementor-element elementor-element-4d3c7cf e-con-full e-flex e-con e-child\" data-id=\"4d3c7cf\" data-element_type=\"container\">\n\t\t\t\t<div class=\"elementor-element elementor-element-d174fa1 elementor-widget elementor-widget-image\" data-id=\"d174fa1\" data-element_type=\"widget\" data-widget_type=\"image.default\">\n\t\t\t\t<div class=\"elementor-widget-container\">\n\t\t\t\t\t\t\t\t\t\t\t\t\t\t\t<img decoding=\"async\" width=\"800\" height=\"800\" src=\"https:\/\/www.ramiroventura.com\/wp-content\/uploads\/2025\/06\/texto-DOULA-1024x1024.webp\" class=\"attachment-large size-large wp-image-358\" alt=\"\" srcset=\"https:\/\/www.ramiroventura.com\/wp-content\/uploads\/2025\/06\/texto-DOULA-1024x1024.webp 1024w, https:\/\/www.ramiroventura.com\/wp-content\/uploads\/2025\/06\/texto-DOULA-300x300.webp 300w, https:\/\/www.ramiroventura.com\/wp-content\/uploads\/2025\/06\/texto-DOULA-150x150.webp 150w, https:\/\/www.ramiroventura.com\/wp-content\/uploads\/2025\/06\/texto-DOULA-768x768.webp 768w, https:\/\/www.ramiroventura.com\/wp-content\/uploads\/2025\/06\/texto-DOULA.webp 1500w\" sizes=\"(max-width: 800px) 100vw, 800px\" \/>\t\t\t\t\t\t\t\t\t\t\t\t\t\t\t<\/div>\n\t\t\t\t<\/div>\n\t\t\t\t<\/div>\n\t\t<div class=\"elementor-element elementor-element-12d0bb7 e-con-full e-flex e-con e-child\" data-id=\"12d0bb7\" data-element_type=\"container\">\n\t\t\t\t<div class=\"elementor-element elementor-element-75e14f7 elementor-invisible elementor-widget elementor-widget-image\" data-id=\"75e14f7\" data-element_type=\"widget\" data-settings=\"{&quot;_animation&quot;:&quot;fadeInUp&quot;}\" data-widget_type=\"image.default\">\n\t\t\t\t<div class=\"elementor-widget-container\">\n\t\t\t\t\t\t\t\t\t\t\t\t\t\t\t<img loading=\"lazy\" decoding=\"async\" width=\"300\" height=\"64\" src=\"https:\/\/www.ramiroventura.com\/wp-content\/uploads\/2025\/06\/Captura-de-pantalla-2025-06-23-163304-300x64.webp\" class=\"attachment-medium size-medium wp-image-233\" alt=\"\" srcset=\"https:\/\/www.ramiroventura.com\/wp-content\/uploads\/2025\/06\/Captura-de-pantalla-2025-06-23-163304-300x64.webp 300w, https:\/\/www.ramiroventura.com\/wp-content\/uploads\/2025\/06\/Captura-de-pantalla-2025-06-23-163304-1024x219.webp 1024w, https:\/\/www.ramiroventura.com\/wp-content\/uploads\/2025\/06\/Captura-de-pantalla-2025-06-23-163304-768x164.webp 768w, https:\/\/www.ramiroventura.com\/wp-content\/uploads\/2025\/06\/Captura-de-pantalla-2025-06-23-163304.webp 1074w\" sizes=\"(max-width: 300px) 100vw, 300px\" \/>\t\t\t\t\t\t\t\t\t\t\t\t\t\t\t<\/div>\n\t\t\t\t<\/div>\n\t\t\t\t<div class=\"elementor-element elementor-element-108a005 elementor-widget elementor-widget-text-editor\" data-id=\"108a005\" data-element_type=\"widget\" data-widget_type=\"text-editor.default\">\n\t\t\t\t<div class=\"elementor-widget-container\">\n\t\t\t\t\t\t\t\t\t<p>Because to welcome life, it is also necessary to honor the one who sustains it. I guide you through preconception, pregnancy, postpartum, and grieving processes with a deep, loving, and nonjudgmental listening.<br \/>My role as a doula focuses on offering information, resources, and support so that the pregnant person\u2014and those around them\u2014can navigate this process with confidence, calm, and connection. I am present when someone dreams of carrying a baby and wants to prepare their body to receive. During pregnancy, I cultivate security and clarity to navigate labor with serenity. I also do so in the aftermath: when the body reconfigures, the world becomes new, and identity transforms.<br \/>These instances can be explored within the practice of yoga or in individual or couples sessions, integrating tools from yoga, tantra, and a transgenerational perspective.<\/p>\t\t\t\t\t\t\t\t<\/div>\n\t\t\t\t<\/div>\n\t\t\t\t<div class=\"elementor-element elementor-element-5a7f388 elementor-widget elementor-widget-button\" data-id=\"5a7f388\" data-element_type=\"widget\" data-widget_type=\"button.default\">\n\t\t\t\t<div class=\"elementor-widget-container\">\n\t\t\t\t\t\t\t\t\t<div class=\"elementor-button-wrapper\">\n\t\t\t\t\t<a class=\"elementor-button elementor-button-link elementor-size-sm\" href=\"https:\/\/docs.google.com\/forms\/d\/e\/1FAIpQLSc4l8ptqo7ylEyGX05wWW2_ANfeqoGD237plYakraEcxGwK0A\/viewform?usp=send_form\" target=\"_blank\" rel=\"noopener noreferrer nofollow\">\n\t\t\t\t\t\t<span class=\"elementor-button-content-wrapper\">\n\t\t\t\t\t\t\t\t\t<span class=\"elementor-button-text\">I&#039;m interested<\/span>\n\t\t\t\t\t<\/span>\n\t\t\t\t\t<\/a>\n\t\t\t\t<\/div>\n\t\t\t\t\t\t\t\t<\/div>\n\t\t\t\t<\/div>\n\t\t\t\t<\/div>\n\t\t\t\t\t<\/div>\n\t\t\t\t<\/div>\n\t\t<div class=\"elementor-element elementor-element-7325c19 e-flex e-con-boxed e-con e-parent\" data-id=\"7325c19\" data-element_type=\"container\" data-settings=\"{&quot;background_background&quot;:&quot;classic&quot;}\">\n\t\t\t\t\t<div class=\"e-con-inner\">\n\t\t\t\t<div class=\"elementor-element elementor-element-513987b elementor-widget elementor-widget-text-editor\" data-id=\"513987b\" data-element_type=\"widget\" data-widget_type=\"text-editor.default\">\n\t\t\t\t<div class=\"elementor-widget-container\">\n\t\t\t\t\t\t\t\t\t<p>Each process is unique, and each encounter is born from the unique pulse of the person who experiences it. In each encounter, body and mind weave a space where the ancestral, the emotional, and the lived experience can surface with respect and presence. This journey invites us to recognize the traces that inhabit us, to name what has been silenced, and to restore links with our history. When the inner territory becomes safe, it is possible to embody a new way of being: more rooted, more conscious, more free.<\/p>\t\t\t\t\t\t\t\t<\/div>\n\t\t\t\t<\/div>\n\t\t\t\t\t<\/div>\n\t\t\t\t<\/div>\n\t\t<div class=\"elementor-element elementor-element-00a8166 e-con-full e-flex e-con e-parent\" data-id=\"00a8166\" data-element_type=\"container\" data-settings=\"{&quot;background_background&quot;:&quot;classic&quot;}\">\n\t\t\t\t<div class=\"elementor-element elementor-element-b71f055 elementor-invisible elementor-widget elementor-widget-heading\" data-id=\"b71f055\" data-element_type=\"widget\" data-settings=\"{&quot;_animation&quot;:&quot;fadeInUp&quot;}\" data-widget_type=\"heading.default\">\n\t\t\t\t<div class=\"elementor-widget-container\">\n\t\t\t\t\t<h2 class=\"elementor-heading-title elementor-size-default\">Are you looking for a space for sincere listening to support your process? <\/h2>\t\t\t\t<\/div>\n\t\t\t\t<\/div>\n\t\t\t\t<div class=\"elementor-element elementor-element-c59608e elementor-align-center elementor-widget elementor-widget-button\" data-id=\"c59608e\" data-element_type=\"widget\" data-widget_type=\"button.default\">\n\t\t\t\t<div class=\"elementor-widget-container\">\n\t\t\t\t\t\t\t\t\t<div class=\"elementor-button-wrapper\">\n\t\t\t\t\t<a class=\"elementor-button elementor-button-link elementor-size-sm\" href=\"https:\/\/tinyurl.com\/mpa6pjm5\" target=\"_blank\" rel=\"noopener noreferrer nofollow\">\n\t\t\t\t\t\t<span class=\"elementor-button-content-wrapper\">\n\t\t\t\t\t\t\t\t\t<span class=\"elementor-button-text\">Contact me<\/span>\n\t\t\t\t\t<\/span>\n\t\t\t\t\t<\/a>\n\t\t\t\t<\/div>\n\t\t\t\t\t\t\t\t<\/div>\n\t\t\t\t<\/div>\n\t\t\t\t<\/div>\n\t\t\t\t<\/div>","protected":false},"excerpt":{"rendered":"<p>Acompa\u00f1amientos Hay preguntas que no nacen con nosotros, pero habitan en nuestro cuerpo. S\u00edntomas, emociones o patrones que se repiten como ecos antiguos de un \u201cyo\u201d que no somos. El [&hellip;]<\/p>","protected":false},"author":2,"featured_media":0,"parent":0,"menu_order":0,"comment_status":"closed","ping_status":"closed","template":"","meta":{"footnotes":""},"class_list":["post-64","page","type-page","status-publish","hentry"],"yoast_head":"<!-- This site is optimized with the Yoast SEO plugin v26.0 - https:\/\/yoast.com\/wordpress\/plugins\/seo\/ -->\n<title>Acompa\u00f1amientos - Ramiro Ventura<\/title>\n<meta name=\"description\" content=\"Acompa\u00f1amientos terap\u00e9uticos con enfoque transgeneracional, doula y procesos gestacionales. Un espacio de escucha, sanaci\u00f3n y transformaci\u00f3n consciente.\" \/>\n<meta name=\"robots\" content=\"index, follow, max-snippet:-1, max-image-preview:large, max-video-preview:-1\" \/>\n<link rel=\"canonical\" href=\"https:\/\/www.ramiroventura.com\/en\/acompanamientos\/\" \/>\n<meta property=\"og:locale\" content=\"en_GB\" \/>\n<meta property=\"og:type\" content=\"article\" \/>\n<meta property=\"og:title\" content=\"Acompa\u00f1amientos - Ramiro Ventura\" \/>\n<meta property=\"og:description\" content=\"Acompa\u00f1amientos terap\u00e9uticos con enfoque transgeneracional, doula y procesos gestacionales. Un espacio de escucha, sanaci\u00f3n y transformaci\u00f3n consciente.\" \/>\n<meta property=\"og:url\" content=\"https:\/\/www.ramiroventura.com\/en\/acompanamientos\/\" \/>\n<meta property=\"og:site_name\" content=\"Ramiro Ventura\" \/>\n<meta property=\"article:modified_time\" content=\"2025-07-22T08:17:02+00:00\" \/>\n<meta property=\"og:image\" content=\"https:\/\/www.ramiroventura.com\/wp-content\/uploads\/2025\/06\/texto-TRANSGENERACIONAL.webp\" \/>\n\t<meta property=\"og:image:width\" content=\"1500\" \/>\n\t<meta property=\"og:image:height\" content=\"1500\" \/>\n\t<meta property=\"og:image:type\" content=\"image\/webp\" \/>\n<meta name=\"twitter:card\" content=\"summary_large_image\" \/>\n<meta name=\"twitter:label1\" content=\"Estimated reading time\" \/>\n\t<meta name=\"twitter:data1\" content=\"3 minutes\" \/>\n<script type=\"application\/ld+json\" class=\"yoast-schema-graph\">{\"@context\":\"https:\/\/schema.org\",\"@graph\":[{\"@type\":\"WebPage\",\"@id\":\"https:\/\/www.ramiroventura.com\/acompanamientos\/\",\"url\":\"https:\/\/www.ramiroventura.com\/acompanamientos\/\",\"name\":\"Acompa\u00f1amientos - Ramiro Ventura\",\"isPartOf\":{\"@id\":\"https:\/\/www.ramiroventura.com\/#website\"},\"primaryImageOfPage\":{\"@id\":\"https:\/\/www.ramiroventura.com\/acompanamientos\/#primaryimage\"},\"image\":{\"@id\":\"https:\/\/www.ramiroventura.com\/acompanamientos\/#primaryimage\"},\"thumbnailUrl\":\"https:\/\/www.ramiroventura.com\/wp-content\/uploads\/2025\/06\/texto-TRANSGENERACIONAL-1024x1024.webp\",\"datePublished\":\"2025-06-23T10:30:44+00:00\",\"dateModified\":\"2025-07-22T08:17:02+00:00\",\"description\":\"Acompa\u00f1amientos terap\u00e9uticos con enfoque transgeneracional, doula y procesos gestacionales. Un espacio de escucha, sanaci\u00f3n y transformaci\u00f3n consciente.\",\"breadcrumb\":{\"@id\":\"https:\/\/www.ramiroventura.com\/acompanamientos\/#breadcrumb\"},\"inLanguage\":\"en-GB\",\"potentialAction\":[{\"@type\":\"ReadAction\",\"target\":[\"https:\/\/www.ramiroventura.com\/acompanamientos\/\"]}]},{\"@type\":\"ImageObject\",\"inLanguage\":\"en-GB\",\"@id\":\"https:\/\/www.ramiroventura.com\/acompanamientos\/#primaryimage\",\"url\":\"https:\/\/www.ramiroventura.com\/wp-content\/uploads\/2025\/06\/texto-TRANSGENERACIONAL-1024x1024.webp\",\"contentUrl\":\"https:\/\/www.ramiroventura.com\/wp-content\/uploads\/2025\/06\/texto-TRANSGENERACIONAL-1024x1024.webp\"},{\"@type\":\"BreadcrumbList\",\"@id\":\"https:\/\/www.ramiroventura.com\/acompanamientos\/#breadcrumb\",\"itemListElement\":[{\"@type\":\"ListItem\",\"position\":1,\"name\":\"Portada\",\"item\":\"https:\/\/www.ramiroventura.com\/\"},{\"@type\":\"ListItem\",\"position\":2,\"name\":\"Acompa\u00f1amientos\"}]},{\"@type\":\"WebSite\",\"@id\":\"https:\/\/www.ramiroventura.com\/#website\",\"url\":\"https:\/\/www.ramiroventura.com\/\",\"name\":\"Ramiro Ventura\",\"description\":\"Ashtanga yoga y acompa\u00f1amiento terap\u00e9utico\",\"publisher\":{\"@id\":\"https:\/\/www.ramiroventura.com\/#organization\"},\"alternateName\":\"Ramiro Ventura\",\"potentialAction\":[{\"@type\":\"SearchAction\",\"target\":{\"@type\":\"EntryPoint\",\"urlTemplate\":\"https:\/\/www.ramiroventura.com\/?s={search_term_string}\"},\"query-input\":{\"@type\":\"PropertyValueSpecification\",\"valueRequired\":true,\"valueName\":\"search_term_string\"}}],\"inLanguage\":\"en-GB\"},{\"@type\":\"Organization\",\"@id\":\"https:\/\/www.ramiroventura.com\/#organization\",\"name\":\"Ramiro Ventura\",\"url\":\"https:\/\/www.ramiroventura.com\/\",\"logo\":{\"@type\":\"ImageObject\",\"inLanguage\":\"en-GB\",\"@id\":\"https:\/\/www.ramiroventura.com\/#\/schema\/logo\/image\/\",\"url\":\"https:\/\/www.ramiroventura.com\/wp-content\/uploads\/2025\/06\/icono-ramiro-e1750847407794.png\",\"contentUrl\":\"https:\/\/www.ramiroventura.com\/wp-content\/uploads\/2025\/06\/icono-ramiro-e1750847407794.png\",\"width\":348,\"height\":335,\"caption\":\"Ramiro Ventura\"},\"image\":{\"@id\":\"https:\/\/www.ramiroventura.com\/#\/schema\/logo\/image\/\"}}]}<\/script>\n<!-- \/ Yoast SEO plugin. -->","yoast_head_json":{"title":"Acompa\u00f1amientos - Ramiro Ventura","description":"Acompa\u00f1amientos terap\u00e9uticos con enfoque transgeneracional, doula y procesos gestacionales. Un espacio de escucha, sanaci\u00f3n y transformaci\u00f3n consciente.","robots":{"index":"index","follow":"follow","max-snippet":"max-snippet:-1","max-image-preview":"max-image-preview:large","max-video-preview":"max-video-preview:-1"},"canonical":"https:\/\/www.ramiroventura.com\/en\/acompanamientos\/","og_locale":"en_GB","og_type":"article","og_title":"Acompa\u00f1amientos - Ramiro Ventura","og_description":"Acompa\u00f1amientos terap\u00e9uticos con enfoque transgeneracional, doula y procesos gestacionales. Un espacio de escucha, sanaci\u00f3n y transformaci\u00f3n consciente.","og_url":"https:\/\/www.ramiroventura.com\/en\/acompanamientos\/","og_site_name":"Ramiro Ventura","article_modified_time":"2025-07-22T08:17:02+00:00","og_image":[{"width":1500,"height":1500,"url":"https:\/\/www.ramiroventura.com\/wp-content\/uploads\/2025\/06\/texto-TRANSGENERACIONAL.webp","type":"image\/webp"}],"twitter_card":"summary_large_image","twitter_misc":{"Estimated reading time":"3 minutes"},"schema":{"@context":"https:\/\/schema.org","@graph":[{"@type":"WebPage","@id":"https:\/\/www.ramiroventura.com\/acompanamientos\/","url":"https:\/\/www.ramiroventura.com\/acompanamientos\/","name":"Acompa\u00f1amientos - Ramiro Ventura","isPartOf":{"@id":"https:\/\/www.ramiroventura.com\/#website"},"primaryImageOfPage":{"@id":"https:\/\/www.ramiroventura.com\/acompanamientos\/#primaryimage"},"image":{"@id":"https:\/\/www.ramiroventura.com\/acompanamientos\/#primaryimage"},"thumbnailUrl":"https:\/\/www.ramiroventura.com\/wp-content\/uploads\/2025\/06\/texto-TRANSGENERACIONAL-1024x1024.webp","datePublished":"2025-06-23T10:30:44+00:00","dateModified":"2025-07-22T08:17:02+00:00","description":"Acompa\u00f1amientos terap\u00e9uticos con enfoque transgeneracional, doula y procesos gestacionales. Un espacio de escucha, sanaci\u00f3n y transformaci\u00f3n consciente.","breadcrumb":{"@id":"https:\/\/www.ramiroventura.com\/acompanamientos\/#breadcrumb"},"inLanguage":"en-GB","potentialAction":[{"@type":"ReadAction","target":["https:\/\/www.ramiroventura.com\/acompanamientos\/"]}]},{"@type":"ImageObject","inLanguage":"en-GB","@id":"https:\/\/www.ramiroventura.com\/acompanamientos\/#primaryimage","url":"https:\/\/www.ramiroventura.com\/wp-content\/uploads\/2025\/06\/texto-TRANSGENERACIONAL-1024x1024.webp","contentUrl":"https:\/\/www.ramiroventura.com\/wp-content\/uploads\/2025\/06\/texto-TRANSGENERACIONAL-1024x1024.webp"},{"@type":"BreadcrumbList","@id":"https:\/\/www.ramiroventura.com\/acompanamientos\/#breadcrumb","itemListElement":[{"@type":"ListItem","position":1,"name":"Portada","item":"https:\/\/www.ramiroventura.com\/"},{"@type":"ListItem","position":2,"name":"Acompa\u00f1amientos"}]},{"@type":"WebSite","@id":"https:\/\/www.ramiroventura.com\/#website","url":"https:\/\/www.ramiroventura.com\/","name":"Ramiro Ventura","description":"Ashtanga yoga y acompa\u00f1amiento terap\u00e9utico","publisher":{"@id":"https:\/\/www.ramiroventura.com\/#organization"},"alternateName":"Ramiro Ventura","potentialAction":[{"@type":"SearchAction","target":{"@type":"EntryPoint","urlTemplate":"https:\/\/www.ramiroventura.com\/?s={search_term_string}"},"query-input":{"@type":"PropertyValueSpecification","valueRequired":true,"valueName":"search_term_string"}}],"inLanguage":"en-GB"},{"@type":"Organization","@id":"https:\/\/www.ramiroventura.com\/#organization","name":"Ramiro Ventura","url":"https:\/\/www.ramiroventura.com\/","logo":{"@type":"ImageObject","inLanguage":"en-GB","@id":"https:\/\/www.ramiroventura.com\/#\/schema\/logo\/image\/","url":"https:\/\/www.ramiroventura.com\/wp-content\/uploads\/2025\/06\/icono-ramiro-e1750847407794.png","contentUrl":"https:\/\/www.ramiroventura.com\/wp-content\/uploads\/2025\/06\/icono-ramiro-e1750847407794.png","width":348,"height":335,"caption":"Ramiro Ventura"},"image":{"@id":"https:\/\/www.ramiroventura.com\/#\/schema\/logo\/image\/"}}]}},"_links":{"self":[{"href":"https:\/\/www.ramiroventura.com\/en\/wp-json\/wp\/v2\/pages\/64","targetHints":{"allow":["GET"]}}],"collection":[{"href":"https:\/\/www.ramiroventura.com\/en\/wp-json\/wp\/v2\/pages"}],"about":[{"href":"https:\/\/www.ramiroventura.com\/en\/wp-json\/wp\/v2\/types\/page"}],"author":[{"embeddable":true,"href":"https:\/\/www.ramiroventura.com\/en\/wp-json\/wp\/v2\/users\/2"}],"replies":[{"embeddable":true,"href":"https:\/\/www.ramiroventura.com\/en\/wp-json\/wp\/v2\/comments?post=64"}],"version-history":[{"count":160,"href":"https:\/\/www.ramiroventura.com\/en\/wp-json\/wp\/v2\/pages\/64\/revisions"}],"predecessor-version":[{"id":1209,"href":"https:\/\/www.ramiroventura.com\/en\/wp-json\/wp\/v2\/pages\/64\/revisions\/1209"}],"wp:attachment":[{"href":"https:\/\/www.ramiroventura.com\/en\/wp-json\/wp\/v2\/media?parent=64"}],"curies":[{"name":"wp","href":"https:\/\/api.w.org\/{rel}","templated":true}]}}